{"id":2305,"date":"2024-09-05T17:46:50","date_gmt":"2024-09-05T17:46:50","guid":{"rendered":"https:\/\/iranytufejlesztohaz.hu\/?page_id=2305"},"modified":"2024-09-05T18:06:30","modified_gmt":"2024-09-05T18:06:30","slug":"kismama-joga-nalini-noi-joga-hangfurdo","status":"publish","type":"page","link":"https:\/\/iranytufejlesztohaz.hu\/?page_id=2305","title":{"rendered":"Kismama j\u00f3ga \/ Nal\u00edni n\u0151i j\u00f3ga \/ Hangf\u00fcrd\u0151"},"content":{"rendered":"\n<div class=\"wp-block-columns is-layout-flex wp-container-core-columns-is-layout-9d6595d7 wp-block-columns-is-layout-flex\" id=\"joga\">\n<div class=\"wp-block-column has-background is-layout-flow wp-block-column-is-layout-flow\" style=\"background-color:#ebf5f9\">\n<div class=\"wp-block-ive-ibtana-visual-editorheading\"><div class=\"ive-advanced-text-wrap ive-div-advance-text_a6f6a1-75 undefined text-center text-md-center text-lg-start text-xl-start\"><h2 class=\"ive-heading-parent undefined ive-advanced-text-inner-wrap ive-adv-advance-text_a6f6a1-75 ive-lh-xs-30 ive-lh-sm-30 ive-lh-md-30 ive-lh-lg-30 ive-lh-xl-30\" id=\"ive-adv-advance-text_a6f6a1-75\"><strong><mark style=\"background-color:rgba(0, 0, 0, 0);color:#1a99b2\" class=\"has-inline-color\">Kismama j\u00f3ga: <\/mark><\/strong><br>10 \u00e9ves akt\u00edv tapasztalattal, \u00f6r\u00f6mmel h\u00edvok, minden olyan v\u00e1rand\u00f3s,\u00a0k\u00f6z\u00f6ss\u00e9gbe v\u00e1gy\u00f3, biztons\u00e1gos mozg\u00e1sform\u00e1t keres\u0151 anyuk\u00e1t, akik sz\u00edvesen csatlakozn\u00e1nak Biatorb\u00e1gyon kismama j\u00f3ga \u00f3r\u00e1khoz.\u00a0<br>Minden alkalommal lehet\u0151s\u00e9g ad\u00f3dik, hogy elsaj\u00e1t\u00edtsd, m\u00e9ly\u00edtsd azokat a l\u00e9gz\u00e9stechnik\u00e1kat \u00e9s poz\u00edci\u00f3kat, amik mind a v\u00e1rand\u00f3ss\u00e1g mind a sz\u00fcl\u00e9s-sz\u00fclet\u00e9s hull\u00e1maiban t\u00e1mogat\u00e1st adnak. A j\u00f3ga, a befel\u00e9 figyel\u00e9s \u00e9s kapcsol\u00f3d\u00e1s \u00f6nmagadhoz \u00e9s a bab\u00e1dhoz egy m\u00e9lyebb tudatoss\u00e1got \u00e9s r\u00e1l\u00e1t\u00e1st ad a benned zajl\u00f3 folyamatokra.<\/h2><\/div><\/div>\n<\/div>\n<\/div>\n\n\n\n<div class=\"wp-block-columns is-layout-flex wp-container-core-columns-is-layout-9d6595d7 wp-block-columns-is-layout-flex\">\n<div class=\"wp-block-column has-background is-layout-flow wp-block-column-is-layout-flow\" style=\"background-color:#ebf5f9\">\n<div class=\"wp-block-ive-ibtana-visual-editorheading\"><div class=\"ive-advanced-text-wrap ive-div-advance-text_d3590f-75 undefined text-center text-md-center text-lg-start text-xl-start\"><h2 class=\"ive-heading-parent undefined ive-advanced-text-inner-wrap ive-adv-advance-text_d3590f-75 ive-lh-xs-30 ive-lh-sm-30 ive-lh-md-30 ive-lh-lg-30 ive-lh-xl-30\" id=\"ive-adv-advance-text_d3590f-75\"><strong><mark style=\"background-color:rgba(0, 0, 0, 0);color:#1a99b2\" class=\"has-inline-color\">Nal\u00edni n\u0151i j\u00f3ga: <\/mark><\/strong><br>Minden h\u00e9ten szeretettel h\u00edvlak egy meg\u00fajul\u00e1si \u00e9s testet-lelket felt\u00f6lt\u0151 1,5 \u00f3r\u00e1s elvonul\u00e1sra. Test\u00fcnk \u00e9s lelk\u00fcnk l\u00e9legzettel, figyelemmel, t\u00e1nccal, \u00e1szan\u00e1kkal, hangf\u00fcrd\u0151vel olykor mes\u00e9vel \u00e1tj\u00e1rva friss\u00edtj\u00fck fel \u00e9s tessz\u00fck oldott\u00e1. <br>A f\u00e9l\u00e9vet Elizabeth Davis: \u00c9letk\u00f6r c. k\u00f6nyv\u00e9nek 13 archet\u00edpusa fogja meghat\u00e1rozni a megfelel\u0151 \u00e1szana gyakorl\u00e1s \u00e9s az ehhez kapcsol\u00f3d\u00f3 szellemi munka fogja majd \u00e1tj\u00e1rni.<\/h2><\/div><\/div>\n<\/div>\n<\/div>\n\n\n\n<div class=\"wp-block-columns is-layout-flex wp-container-core-columns-is-layout-9d6595d7 wp-block-columns-is-layout-flex\">\n<div class=\"wp-block-column has-background is-layout-flow wp-block-column-is-layout-flow\" style=\"background-color:#ebf5f9\">\n<div class=\"wp-block-ive-ibtana-visual-editorheading\"><div class=\"ive-advanced-text-wrap ive-div-advance-text_a26d68-0e undefined text-center text-md-center text-lg-start text-xl-start\"><h2 class=\"ive-heading-parent undefined ive-advanced-text-inner-wrap ive-adv-advance-text_a26d68-0e ive-lh-xs-30 ive-lh-sm-30 ive-lh-md-30 ive-lh-lg-30 ive-lh-xl-30\" id=\"ive-adv-advance-text_a26d68-0e\"><strong><mark style=\"background-color:rgba(0, 0, 0, 0);color:#1a99b2\" class=\"has-inline-color\">Hangf\u00fcrd\u0151<\/mark><\/strong><br>A hangmassz\u00e1zs egy k\u00fcl\u00f6nleges \u00e9lm\u00e9ny mely tiszt\u00edt\u00f3, felt\u00f6lt\u0151 hat\u00e1saival emeli a rezg\u00e9sszintet, harm\u00f3ni\u00e1t teremt energetikai rendszer\u00fcnkben., seg\u00edti helyre \u00e1ll\u00edtani a megzavart energia egyens\u00falyt, megnyugodni.<br>Aj\u00e1nlott, ha lelki probl\u00e9m\u00e1inkon szeretn\u00e9nk v\u00e1ltoztatni, \u00f6ngy\u00f3gy\u00edt\u00f3 folyamatainkat szeretn\u00e9nk beind\u00edtani. A hangok k\u00f6zvetlen\u00fcl kapcsolnak \u00f6ssze minket az Egyetemes Intelligenci\u00e1val,<br>\u0151si tan\u00edt\u00e1s, hogy minden emberi testnek van egy alapvet\u0151 rezg\u00e9se, \u00e9s ha r\u00e1 tudunk hangol\u00f3dni erre a frekvenci\u00e1ra, \u00fagy a magunkkal val\u00f3 kapcsolatunk eg\u00e9szs\u00e9gesebb\u00e9 \u00e9s gazdagabb\u00e1 v\u00e1lik.<br>A test \u00f6ngy\u00f3gy\u00edt, megpihen, felfriss\u00fcl. \u00d6nmagunkra sz\u00e1nt id\u0151 MINDIG megt\u00e9r\u00fcl!!<\/h2><\/div><\/div>\n<\/div>\n<\/div>\n\n\n\n<div class=\"wp-block-columns is-layout-flex wp-container-core-columns-is-layout-9d6595d7 wp-block-columns-is-layout-flex\">\n<div class=\"wp-block-column has-background is-layout-flow wp-block-column-is-layout-flow\" style=\"background-color:#ebf5f9\">\n<div class=\"wp-block-ive-ibtana-visual-editorheading\"><div class=\"ive-advanced-text-wrap ive-div-advance-text_b2587a-b6 undefined text-center text-md-center text-lg-start text-xl-start\"><h2 class=\"ive-heading-parent undefined ive-advanced-text-inner-wrap ive-adv-advance-text_b2587a-b6 ive-lh-xs-30 ive-lh-sm-30 ive-lh-md-30 ive-lh-lg-30 ive-lh-xl-30\" id=\"ive-adv-advance-text_b2587a-b6\"><strong><mark style=\"background-color:rgba(0, 0, 0, 0);color:#1a99b2\" class=\"has-inline-color\">Kapcsolat<\/mark><\/strong><br><br><strong>G\u00e1sp\u00e1r Gabriella<\/strong><br>Nal\u00edni n\u0151i j\u00f3ga, kismama \u00e9s baba-mama j\u00f3gaoktat\u00f3, N\u0151i k\u00f6r \u00e9s szertart\u00e1svezet\u0151, Bach-vir\u00e1g tan\u00e1csad\u00f3, csal\u00e1d\u00e1ll\u00edt\u00e1s vezet\u0151<br><br>Az \u00f3r\u00e1kra <strong>bejelentkez\u00e9s sz\u00fcks\u00e9ges<\/strong>, keress bizalommal!<br>Telefon: 0630\/515-06-24<br>E-mail:<mark style=\"background-color:rgba(0, 0, 0, 0);color:#1a99b2\" class=\"has-inline-color\">\u00a0gaspargabriella078@gmail.com<\/mark><br>Facebook:<br>N\u0151i: <a href=\"https:\/\/www.facebook.com\/groups\/electrajogater\" target=\"_blank\" rel=\"noreferrer noopener\"><mark style=\"background-color:rgba(0, 0, 0, 0);color:#1a99b2\" class=\"has-inline-color\">https:\/\/www.facebook.com\/groups\/electrajogater<\/mark><\/a><br>Kismama: <a href=\"https:\/\/www.facebook.com\/groups\/kismamajogaelectrajogater\" target=\"_blank\" rel=\"noreferrer noopener\"><mark style=\"background-color:rgba(0, 0, 0, 0);color:#1a99b2\" class=\"has-inline-color\">https:\/\/www.facebook.com\/groups\/kismamajogaelectrajogater<\/mark><\/a><br><br><em><mark style=\"background-color:rgba(0, 0, 0, 0);color:#1a99b2\" class=\"has-inline-color\">Hiszem, hogy napi 8 \u00f3r\u00e1s munk\u00e1m, 2 gyermekem mellett is fontos mindig id\u0151t sz\u00e1nni az \u00f6nk\u00e9pz\u00e9sre, fejl\u0151d\u00e9sre \u00e9s kikapcsol\u00f3d\u00e1sra egym\u00e1s seg\u00edt\u00e9s\u00e9re, megtart\u00e1s\u00e1ra.<\/mark><\/em><\/h2><\/div><\/div>\n<\/div>\n<\/div>\n\n\n\n<p><\/p>\n","protected":false},"excerpt":{"rendered":"","protected":false},"author":1,"featured_media":0,"parent":0,"menu_order":0,"comment_status":"closed","ping_status":"closed","template":"","meta":{"_regular_price":[],"currency_symbol":[],"footnotes":""},"class_list":["post-2305","page","type-page","status-publish","hentry"],"post_slider_layout_featured_media_urls":{"thumbnail":"","post_slider_layout_landscape_large":"","post_slider_layout_portrait_large":"","post_slider_layout_square_large":"","post_slider_layout_landscape":"","post_slider_layout_portrait":"","post_slider_layout_square":"","full":""},"_links":{"self":[{"href":"https:\/\/iranytufejlesztohaz.hu\/index.php?rest_route=\/wp\/v2\/pages\/2305","targetHints":{"allow":["GET"]}}],"collection":[{"href":"https:\/\/iranytufejlesztohaz.hu\/index.php?rest_route=\/wp\/v2\/pages"}],"about":[{"href":"https:\/\/iranytufejlesztohaz.hu\/index.php?rest_route=\/wp\/v2\/types\/page"}],"author":[{"embeddable":true,"href":"https:\/\/iranytufejlesztohaz.hu\/index.php?rest_route=\/wp\/v2\/users\/1"}],"replies":[{"embeddable":true,"href":"https:\/\/iranytufejlesztohaz.hu\/index.php?rest_route=%2Fwp%2Fv2%2Fcomments&post=2305"}],"version-history":[{"count":10,"href":"https:\/\/iranytufejlesztohaz.hu\/index.php?rest_route=\/wp\/v2\/pages\/2305\/revisions"}],"predecessor-version":[{"id":2322,"href":"https:\/\/iranytufejlesztohaz.hu\/index.php?rest_route=\/wp\/v2\/pages\/2305\/revisions\/2322"}],"wp:attachment":[{"href":"https:\/\/iranytufejlesztohaz.hu\/index.php?rest_route=%2Fwp%2Fv2%2Fmedia&parent=2305"}],"curies":[{"name":"wp","href":"https:\/\/api.w.org\/{rel}","templated":true}]}}