{"id":2273,"date":"2023-12-02T17:53:30","date_gmt":"2023-12-02T17:53:30","guid":{"rendered":"https:\/\/iranytufejlesztohaz.hu\/?page_id=2273"},"modified":"2023-12-02T18:25:56","modified_gmt":"2023-12-02T18:25:56","slug":"szulo-csecsemo-konzultacio","status":"publish","type":"page","link":"https:\/\/iranytufejlesztohaz.hu\/?page_id=2273","title":{"rendered":"Sz\u00fcl\u0151-csecsem\u0151 konzult\u00e1ci\u00f3"},"content":{"rendered":"\n<div class=\"wp-block-columns has-background is-layout-flex wp-container-core-columns-is-layout-9d6595d7 wp-block-columns-is-layout-flex\" style=\"background-color:#ebf5f9\">\n<div class=\"wp-block-column is-layout-flow wp-block-column-is-layout-flow\">\n<div class=\"wp-block-ive-ibtana-visual-editorheading\"><div class=\"ive-advanced-text-wrap ive-div-advance-text_90b8ad-db undefined text-center text-md-center text-lg-start text-xl-start\"><h2 class=\"ive-heading-parent undefined ive-advanced-text-inner-wrap ive-adv-advance-text_90b8ad-db ive-lh-xs-30 ive-lh-sm-30 ive-lh-md-30 ive-lh-lg-30 ive-lh-xl-30\" id=\"ive-adv-advance-text_90b8ad-db\"><strong><mark style=\"background-color:rgba(0, 0, 0, 0);color:#1a99b2\" class=\"has-inline-color\">Seg\u00edts\u00e9g ev\u00e9s-, vagy alv\u00e1sprobl\u00e9m\u00e1k, ill. megnyugtathatatlan s\u00edr\u00e1s eset\u00e9n<\/mark><\/strong><br><br>Sokszor halljuk a mond\u00e1st: <em>\u201cKis gyerek &#8211; kis gond, nagy gyerek \u2013 nagy gond.\u201d<\/em><br>Vagy m\u00e9gsem \u00edgy van? Hiszen mi is lehetne nagyobb probl\u00e9ma ann\u00e1l, ha nem tudjuk megetetni a kisbab\u00e1nkat, \u00e9s retteg\u00fcnk att\u00f3l, hogy \u00e9letben tudjuk-e \u0151t tartani?<br><br>A sz\u00fcl\u00e9sre val\u00f3 felk\u00e9sz\u00fcl\u00e9s kapcs\u00e1n m\u00e1r eg\u00e9szen sokf\u00e9le seg\u00edts\u00e9get kaphatunk. De az igazi kih\u00edv\u00e1s csak a baba vil\u00e1graj\u00f6vetel\u00e9vel indul!<br><br><strong><mark style=\"background-color:rgba(0, 0, 0, 0);color:#1a99b2\" class=\"has-inline-color\">Mikor \u00e9rdemes szakemberhez fordulni?<\/mark><\/strong><br>* Nehezen indult a szoptat\u00e1s, \u00e9s az\u00f3ta is probl\u00e9m\u00e1s<br>* M\u00e1r t\u00f6bbf\u00e9le t\u00e1pszert is kipr\u00f3b\u00e1ltatok, de a pici tov\u00e1bbra is sokat s\u00edr<br>* Napk\u00f6zben csup\u00e1n 30-40 perceket alszik egyszerre<br>* Csak a sz\u00fcl\u0151k test\u00e9n tud (el)aludni<br>* Kimer\u00edt\u0151ek az \u00e9jszak\u00e1k (sokat s\u00edr, \u00e1lland\u00f3an szopizna, nehezen alszik vissza)<br>* A hozz\u00e1t\u00e1pl\u00e1l\u00e1s nem j\u00f3l alakul (nem \u00e9rdekl\u0151dik az \u00faj \u00edzek, \u00e1llagok ir\u00e1nyt vagy elutas\u00edtja azokat)<br>* Egy \u00e9ves, \u00e9s alig fogad el f\u00e9lszil\u00e1rd \/ szil\u00e1rd \u00e9telt<br>* Kisgyermekk\u00e9nt rettent\u0151en v\u00e1logat\u00f3s, m\u00e9g ekkor is sokat s\u00edr, ny\u0171g\u00f6s, \u00e9jjel rosszul alszik, meg\u00e9bred<br><br>Ennek nem kell \u00edgy lennie! <strong>Van megold\u00e1s!<\/strong><br>Cseri Anita fejl\u0151d\u00e9spszichol\u00f3gus a sz\u00fcl\u0151-csecsem\u0151 konzult\u00e1ci\u00f3 m\u00f3dszer\u00e9vel seg\u00edt t\u00fallend\u00fclni a neh\u00e9zs\u00e9geken!<br><br><strong><mark style=\"background-color:rgba(0, 0, 0, 0);color:#1a99b2\" class=\"has-inline-color\">Kik vesznek r\u00e9szt a konzult\u00e1ci\u00f3n, \u00e9s meddig tart?<\/mark><\/strong><br>* A <strong>0-3 \u00e9ves kor\u00fa gyermekeket \u00e9s sz\u00fcleiket v\u00e1rjuk<\/strong>. Leggyakrabban a teljes csal\u00e1d, de minimum az \u00e9desanya \u00e9s az \u00e9rintett csecsem\u0151 \/ kisgyermek vannak jelen.<br>* \u00c1ltal\u00e1ban 3-6 alkalom elegend\u0151 a probl\u00e9ma megsz\u0171n\u00e9s\u00e9hez<br>* 75-90 perces tal\u00e1lkoz\u00e1sok lesznek, heti, k\u00e9theti rendszeress\u00e9ggel<br><br><strong><mark style=\"background-color:rgba(0, 0, 0, 0);color:#1a99b2\" class=\"has-inline-color\">Mi fog t\u00f6rt\u00e9nni?<\/mark><\/strong><br>* <strong>Meghallgat\u00e1s, besz\u00e9lget\u00e9s, bizalom\u00e9p\u00edt\u00e9s: <\/strong>A konzult\u00e1ci\u00f3k sor\u00e1n a szakember igyekszik megismerni a probl\u00e9ma minden apr\u00f3 r\u00e9szlet\u00e9t, a csal\u00e1d, \u00e9s legf\u0151k\u00e9ppen a gyermek t\u00f6rt\u00e9net\u00e9t. A sz\u00fcl\u0151k tapasztalatai, aggodalmai, v\u00e1gyai, elk\u00e9pzel\u00e9sei kiemelt szerepet kapnak a folyamat sor\u00e1n.<br>* <strong>K\u00f6z\u00f6s j\u00e1t\u00e9k \u00e9s megfigyel\u00e9s:<\/strong> A kellemes hangulat\u00fa, j\u00e1t\u00e9kokal felszerelt szob\u00e1t sz\u00edvesen fedezik fel az apr\u00f3s\u00e1gok, \u00e9s h\u00edvj\u00e1k j\u00e1t\u00e9kba sz\u00fcleiket vagy a konzulenst. Mindez remek alkalom a kapcsol\u00f3d\u00e1sok megfigyel\u00e9s\u00e9re, megbesz\u00e9l\u00e9s\u00e9re. Tov\u00e1bb\u00e1 a m\u00f3dszer szerves r\u00e9sz\u00e9t k\u00e9pezi a sz\u00fcl\u0151-gyermek interakci\u00f3kr\u00f3l k\u00e9sz\u00fclt r\u00f6vid videofelv\u00e9telek k\u00f6z\u00f6s megtekint\u00e9se \/ megbesz\u00e9l\u00e9se (etet\u00e9s, gondoz\u00e1s, j\u00e1t\u00e9k helyzetben).<br>* <strong>K\u00f6z\u00f6s gondolkod\u00e1s: <\/strong>A konzulens b\u00e1r (a fejl\u0151d\u00e9sl\u00e9lektani ismereteken alapul\u00f3) apr\u00f3 praktik\u00e1kkal, \u00f6tletekkel sz\u00edvesen seg\u00edti a csl\u00e1dokat, m\u00e9gis legf\u0151bb c\u00e9lja, hogy minden sz\u00fcl\u0151-gyermek p\u00e1rt a saj\u00e1t \u00fatjuk megtal\u00e1l\u00e1s\u00e1ban t\u00e1mogasson. Hiszen nincs k\u00e9t egyforma csal\u00e1d, nincs k\u00e9t egyforma neh\u00e9zs\u00e9g. \u00cdgy a megold\u00e1snak is egyedinek, \u00e9s az adott csal\u00e1d sz\u00e1m\u00e1ra m\u0171k\u00f6d\u0151k\u00e9pesnek kell lennie.<br><br><strong><mark style=\"background-color:rgba(0, 0, 0, 0);color:#1a99b2\" class=\"has-inline-color\">Hogyan tudok jelentkezni? Milyen hamar kapok seg\u00edts\u00e9get?<\/mark><\/strong><br>Cseri Anita fejl\u0151d\u00e9spszichol\u00f3gus a <strong>+3620\/5712558<\/strong>-as sz\u00e1mon v\u00e1rja a h\u00edv\u00e1sokat.<br>\u00c1ltal\u00e1ban 1-2 h\u00e9t v\u00e1rakoz\u00e1si id\u0151 ut\u00e1n el tud indulni a k\u00f6z\u00f6s munka.<\/h2><\/div><\/div>\n<\/div>\n<\/div>\n\n\n\n<p><\/p>\n","protected":false},"excerpt":{"rendered":"","protected":false},"author":1,"featured_media":0,"parent":0,"menu_order":0,"comment_status":"closed","ping_status":"closed","template":"","meta":{"_regular_price":[],"currency_symbol":[],"footnotes":""},"class_list":["post-2273","page","type-page","status-publish","hentry"],"post_slider_layout_featured_media_urls":{"thumbnail":"","post_slider_layout_landscape_large":"","post_slider_layout_portrait_large":"","post_slider_layout_square_large":"","post_slider_layout_landscape":"","post_slider_layout_portrait":"","post_slider_layout_square":"","full":""},"_links":{"self":[{"href":"https:\/\/iranytufejlesztohaz.hu\/index.php?rest_route=\/wp\/v2\/pages\/2273","targetHints":{"allow":["GET"]}}],"collection":[{"href":"https:\/\/iranytufejlesztohaz.hu\/index.php?rest_route=\/wp\/v2\/pages"}],"about":[{"href":"https:\/\/iranytufejlesztohaz.hu\/index.php?rest_route=\/wp\/v2\/types\/page"}],"author":[{"embeddable":true,"href":"https:\/\/iranytufejlesztohaz.hu\/index.php?rest_route=\/wp\/v2\/users\/1"}],"replies":[{"embeddable":true,"href":"https:\/\/iranytufejlesztohaz.hu\/index.php?rest_route=%2Fwp%2Fv2%2Fcomments&post=2273"}],"version-history":[{"count":11,"href":"https:\/\/iranytufejlesztohaz.hu\/index.php?rest_route=\/wp\/v2\/pages\/2273\/revisions"}],"predecessor-version":[{"id":2290,"href":"https:\/\/iranytufejlesztohaz.hu\/index.php?rest_route=\/wp\/v2\/pages\/2273\/revisions\/2290"}],"wp:attachment":[{"href":"https:\/\/iranytufejlesztohaz.hu\/index.php?rest_route=%2Fwp%2Fv2%2Fmedia&parent=2273"}],"curies":[{"name":"wp","href":"https:\/\/api.w.org\/{rel}","templated":true}]}}