{"id":1462,"date":"2021-09-16T19:20:11","date_gmt":"2021-09-16T19:20:11","guid":{"rendered":"https:\/\/iranytufejlesztohaz.hu\/?page_id=1462"},"modified":"2021-09-21T20:41:07","modified_gmt":"2021-09-21T20:41:07","slug":"szenzoros-dszit-ayres-terapia","status":"publish","type":"page","link":"https:\/\/iranytufejlesztohaz.hu\/?page_id=1462","title":{"rendered":"Szenzoros \/ DSZIT \/ Ayres ter\u00e1pia"},"content":{"rendered":"\n<div class=\"wp-block-columns is-layout-flex wp-container-core-columns-is-layout-9d6595d7 wp-block-columns-is-layout-flex\">\n<div class=\"wp-block-column has-background is-layout-flow wp-block-column-is-layout-flow\" style=\"background-color:#ebf5f9\">\n<div class=\"wp-block-ive-ibtana-visual-editorheading\"><div class=\"ive-advanced-text-wrap ive-div-advance-text_a3790e-07 undefined text-start text-md-center text-lg-start text-xl-start\"><h2 class=\"ive-heading-parent undefined ive-advanced-text-inner-wrap ive-adv-advance-text_a3790e-07 ive-lh-xs-20 ive-lh-sm-20 ive-lh-md-30 ive-lh-lg-30 ive-lh-xl-30\" id=\"ive-adv-advance-text_a3790e-07\"><strong><span style=\"color:#1a99b2\" class=\"has-inline-color\">A szenzoros integr\u00e1ci\u00f3 fejleszt\u00e9se<br><\/span><\/strong><br>Minden ember m\u00e1s \u00e9s m\u00e1s. Van, aki nem b\u00edrja elviselni a magas nyak\u00fa pul\u00f3vert, m\u00e1sok rosszul vannak utaz\u00e1s k\u00f6zben, vagy megf\u00e1jdul a fej\u00fck az er\u0151sebb illatokt\u00f3l. Annyi bizonyos, hogy amire \u00e9rz\u00e9kenyebbek vagyunk, azt igyeksz\u00fcnk elker\u00fclni. Ha egy kisgyermek esetleges \u00e9rz\u00e9kenys\u00e9gei miatt t\u00fal sokf\u00e9le helyzetet elutas\u00edt, akkor az ingerek egy j\u00f3 r\u00e9sz\u00e9vel nem tal\u00e1lkozik. M\u00e1rpedig a megfelel\u0151 agyi fejl\u0151d\u00e9shez \u00e9s a harmonikus idegrendszeri m\u0171k\u00f6d\u00e9shez elengedhetetlenek a min\u00e9l v\u00e1ltozatosabb k\u00f6rnyezeti ingerek.<br>Ez\u00e9rt a Dinamikus Szenzoros Integr\u00e1ci\u00f3s Ter\u00e1pia sor\u00e1n (melynek J. Ayres fektette le az alapjait) a gyermek \u00e9rz\u00e9kel\u00e9s\u00e9ben fellelhet\u0151 &#8222;furcsas\u00e1gokat&#8221; (t\u00fal\u00e9rz\u00e9keny, vagy ink\u00e1bb \u00e9rz\u00e9ketlen bizonyos ter\u00fcleteken) igyeksz\u00fcnk enyh\u00edteni, a szenzoros feldolgoz\u00e1si folyamatokat az optim\u00e1lishoz k\u00f6zel\u00edteni.<br><br><strong>Kinek aj\u00e1nljuk?<\/strong><br>Azoknak a gyerekeknek, akikn\u00e9l az egyens\u00faly-\u00e9rz\u00e9kel\u00e9s, hall\u00e1s, l\u00e1t\u00e1s, tapint\u00e1s, \u00edzlel\u00e9s, szagl\u00e1s k\u00f6z\u00fcl egyik-m\u00e1sik ter\u00fcleten &#8222;furcsas\u00e1gok&#8221; tapasztalhat\u00f3k. Teh\u00e1t az al\u00e1bbiak k\u00f6z\u00fcl <span style=\"text-decoration: underline;\">egy-k\u00e9t jellegezetess\u00e9g<\/span> megfigyelhet\u0151:<br>* \u00e1lland\u00f3an izeg-mozog, szinte csak futva k\u00f6zlekedik<br>* sokat, \u00e9s esetleg t\u00fal hangosan besz\u00e9l, m\u00e1sok szav\u00e1ba v\u00e1g, sor\u00e1t nem tudja kiv\u00e1rni<br>* figyelme csapong\u00f3 (t\u00f6bbnyire csak a tv, az elekotronikai eszk\u00f6z\u00f6k \u00e9s a Leg\u00f3z\u00e1s az, ami hosszabban lek\u00f6ti)<br>* egyens\u00falya bizonytalan, mozg\u00e1sa koordin\u00e1latlan<br>* gyakran nekimegy dolgoknak, leveri a t\u00e1rgyakat, a vesz\u00e9lyt nem m\u00e9ri fel, balesetet szenved<br>* a m\u00e1siknak &#8222;nekiront&#8221;, r\u00e1m\u00e1szik, f\u00e1jdalmasan \u00e9r hozz\u00e1<br>* az emberekkel is szeret \u00fctk\u00f6zni, \u00e9s a t\u00e1rgyakkal is \u00edgy j\u00e1tszik<br>* bizonyos anyagokhoz (pl. homok, gyurma, borotvahab, szivacs) nem sz\u00edvesen \u00e9r hozz\u00e1, kez\u00e9r\u0151l le kell t\u00f6r\u00f6lni<br>* a sz\u0171kebb ruhadarabokat nem viseli el, esetleg nem hajland\u00f3 felvenni \/ levenni a hossz\u00fa nadr\u00e1got, hossz\u00fa ujj\u00fa p\u00f3l\u00f3t<br>* a darabos vagy \u00e9pp a foly\u00e9kony \u00e9teleket elutas\u00edtja<br>* bizonyos szagokra, f\u00e9nyekre, hangokra k\u00fcl\u00f6n\u00f6sen \u00e9rz\u00e9kenyen reag\u00e1l (elutas\u00edtja vagy kifejezetten keresi azokat)<br>* baba kora \u00f3ta nehezen alszik el, \u00e9s kifejezetten kev\u00e9s az alv\u00e1sig\u00e9nye<br><br>A ter\u00e1pia sor\u00e1n mindig a gyermek aktu\u00e1lis idegrendszeri sz\u00fcks\u00e9gleteit k\u00f6vetve haladunk, a k\u00fcl\u00f6nb\u00f6z\u0151 ingereket biztos\u00edt\u00f3 eszk\u00f6z\u00f6ket felk\u00edn\u00e1ljuk sz\u00e1m\u00e1ra, melyb\u0151l \u0151 v\u00e1lasztja ki mag\u00e1nak a legmegfelel\u0151bbet. Ink\u00e1bb terelgetj\u00fck, \u00e9s mindig akkora kih\u00edv\u00e1s el\u00e9 \u00e1ll\u00edtjuk, melyet meg tud l\u00e9pni.  Nincs k\u00e9nyszer, nincs el\u0151re k\u0151be v\u00e9sett &#8222;menetrend&#8221;.<\/h2><\/div><\/div>\n\n\n\n<p><\/p>\n<\/div>\n<\/div>\n","protected":false},"excerpt":{"rendered":"","protected":false},"author":1,"featured_media":0,"parent":0,"menu_order":0,"comment_status":"closed","ping_status":"closed","template":"","meta":{"_regular_price":[],"currency_symbol":[],"footnotes":""},"class_list":["post-1462","page","type-page","status-publish","hentry"],"post_slider_layout_featured_media_urls":{"thumbnail":"","post_slider_layout_landscape_large":"","post_slider_layout_portrait_large":"","post_slider_layout_square_large":"","post_slider_layout_landscape":"","post_slider_layout_portrait":"","post_slider_layout_square":"","full":""},"_links":{"self":[{"href":"https:\/\/iranytufejlesztohaz.hu\/index.php?rest_route=\/wp\/v2\/pages\/1462","targetHints":{"allow":["GET"]}}],"collection":[{"href":"https:\/\/iranytufejlesztohaz.hu\/index.php?rest_route=\/wp\/v2\/pages"}],"about":[{"href":"https:\/\/iranytufejlesztohaz.hu\/index.php?rest_route=\/wp\/v2\/types\/page"}],"author":[{"embeddable":true,"href":"https:\/\/iranytufejlesztohaz.hu\/index.php?rest_route=\/wp\/v2\/users\/1"}],"replies":[{"embeddable":true,"href":"https:\/\/iranytufejlesztohaz.hu\/index.php?rest_route=%2Fwp%2Fv2%2Fcomments&post=1462"}],"version-history":[{"count":9,"href":"https:\/\/iranytufejlesztohaz.hu\/index.php?rest_route=\/wp\/v2\/pages\/1462\/revisions"}],"predecessor-version":[{"id":2170,"href":"https:\/\/iranytufejlesztohaz.hu\/index.php?rest_route=\/wp\/v2\/pages\/1462\/revisions\/2170"}],"wp:attachment":[{"href":"https:\/\/iranytufejlesztohaz.hu\/index.php?rest_route=%2Fwp%2Fv2%2Fmedia&parent=1462"}],"curies":[{"name":"wp","href":"https:\/\/api.w.org\/{rel}","templated":true}]}}