{"id":1459,"date":"2021-09-16T19:15:28","date_gmt":"2021-09-16T19:15:28","guid":{"rendered":"https:\/\/iranytufejlesztohaz.hu\/?page_id=1459"},"modified":"2023-12-02T18:07:11","modified_gmt":"2023-12-02T18:07:11","slug":"pszichologia","status":"publish","type":"page","link":"https:\/\/iranytufejlesztohaz.hu\/?page_id=1459","title":{"rendered":"Pszichol\u00f3gia"},"content":{"rendered":"\n<div class=\"wp-block-columns is-layout-flex wp-container-core-columns-is-layout-9d6595d7 wp-block-columns-is-layout-flex\">\n<div class=\"wp-block-column has-background is-layout-flow wp-block-column-is-layout-flow\" style=\"background-color:#ebf5f9\">\n<div class=\"wp-block-ive-ibtana-visual-editorheading\"><div class=\"ive-advanced-text-wrap ive-div-advance-text_34fe66-42 undefined text-start text-md-center text-lg-start text-xl-start\"><h2 class=\"ive-heading-parent undefined ive-advanced-text-inner-wrap ive-adv-advance-text_34fe66-42 ive-lh-xs-20 ive-lh-sm-20 ive-lh-md-30 ive-lh-lg-30 ive-lh-xl-30\" id=\"ive-adv-advance-text_34fe66-42\"><strong>Kik \u00e9s milyen probl\u00e9m\u00e1kkal fordulhatnak hozz\u00e1m?<\/strong><br>0-10 \u00e9ves korig v\u00e1rom a gyerekeket illetve sz\u00fcleiket.<br><br>A gyermekek \u00e9let\u00e9t alapvet\u0151en az \u0151t k\u00f6r\u00fclvev\u0151 feln\u0151ttek (sz\u00fclei, nevel\u0151i) alak\u00edtj\u00e1k, ir\u00e1ny\u00edtj\u00e1k. \u00c9let\u00e9nek legfontosabb esem\u00e9nyei &#8222;csak \u00fagy megt\u00f6rt\u00e9nnek vele&#8221;, an\u00e9lk\u00fcl, hogy \u0151 azokba komolyabban belesz\u00f3lhatna (k\u00f6lt\u00f6z\u00e9s, testv\u00e9r sz\u00fclet\u00e9se, betegs\u00e9g a csal\u00e1dban, \u00f3voda-, iskolakezd\u00e9s, v\u00e1l\u00e1s, stb.). \u00cdgy azonban m\u00e9g az alapvet\u0151en pozit\u00edv esem\u00e9nyek is sokszor szorongat\u00f3ak lehetnek sz\u00e1m\u00e1ra, \u00e9s lelki egyens\u00faly\u00e1nak megbillen\u00e9s\u00e9hez vezethetnek. Ezt \u00e1ltal\u00e1ban valamilyen t\u00fcnet, <span style=\"text-decoration: underline;\">viselked\u00e9sv\u00e1ltoz\u00e1s<\/span> jelzi sz\u00e1munkra.<br>Az al\u00e1bbi jelek a leggyakoribbak:<br>* ingerl\u00e9kenyebb, s\u00edr\u00f3sabb, hisztisebb, dacosabb lesz,<br>* kifejezetten ellen\u00e1ll\u00f3, viselked\u00e9se provokat\u00edv, a szab\u00e1lyokat nem tartja, felesel,<br>* agressz\u00edv, odacsap, t\u00e1rsaival verekszik,<br>* a kor\u00e1bban stabilan szobatiszta gyermek \u00fajra bepisil, bekak\u00e1l,<br>* t\u00fal csendes, komoly, mag\u00e1ba z\u00e1rk\u00f3z\u00f3, kedvetlen, k\u00f6z\u00f6ny\u00f6s,<br>* t\u00fals\u00e1gosan f\u00e9l\u00e9nk, bizonytalan, visszah\u00faz\u00f3d\u00f3.<br><br>Amennyiben ez a nemk\u00edv\u00e1natos viselked\u00e9sforma tart\u00f3ss\u00e1 v\u00e1lik, \u00e9s nem tal\u00e1lj\u00e1k a megold\u00e1st, akkor v\u00e1rom \u00d6n\u00f6ket szeretettel!<br><br><strong>Hogyan dolgozom?<\/strong><br><em>&#8221; A gyermek \u00fagy viselkedik, ahogyan \u00e9rzi mag\u00e1t.&#8221; (Becky Bailey)<\/em><br><br>Meggy\u0151z\u0151d\u00e9sem, hogy m\u00e9lys\u00e9gesen igaz a fenti \u00e1ll\u00edt\u00e1s. Ez\u00e9rt minden tud\u00e1sommal azon dolgozom imm\u00e1r 25 \u00e9ve, hogy a sz\u00fcl\u0151ket \u00e9s a pedag\u00f3gusokat seg\u00edtsem, a gyermekek sz\u00e1m\u00e1ra olyan k\u00f6rnyezet megteremt\u00e9s\u00e9ben, amelyben biztons\u00e1gban, \u00e9s elfogadva, szeretve \u00e9rezhetik magukat.<br>Enn\u00e9l fogva a gyermek \u00e9s a csal\u00e1d harmonikusabb m\u0171k\u00f6d\u00e9s\u00e9nek el\u0151seg\u00edt\u00e9se \u00e9rdek\u00e9ben nagyon szoros egy\u00fcttm\u0171k\u00f6d\u00e9sben dolgozom a sz\u00fcl\u0151kkel, fejleszt\u0151 koll\u00e9g\u00e1immal, \u00e9s lehet\u0151s\u00e9g szerint az \u00e9rintett pedag\u00f3gusokkal. Csak k\u00f6z\u00f6sen tudjuk megtal\u00e1lni azokat a t\u00e9nyez\u0151ket, melyek elbizonytalan\u00edtj\u00e1k, f\u00e9lelmekkel, szorong\u00e1ssal t\u00f6ltik el a kicsiket, \u00e9s nemk\u00edv\u00e1natos viselked\u00e9sv\u00e1ltoz\u00e1st id\u00e9znek el\u0151 n\u00e1luk. Ez\u00e9rt a gyermekekkel v\u00e9gzett egy\u00e9ni munka mellett gyakran konzult\u00e1lok a sz\u00fcl\u0151kkel, nevel\u0151kkel.<br><em><span style=\"text-decoration: underline;\">Kedvelt eszk\u00f6zeim, m\u00f3dszereim:<\/span><\/em><br>rajzol\u00e1s, fest\u00e9s, gyurm\u00e1z\u00e1s, b\u00e1bj\u00e1t\u00e9k, szerepj\u00e1t\u00e9k, Vil\u00e1gj\u00e1t\u00e9k, dr\u00e1maj\u00e1t\u00e9k, mes\u00e9k<br><br>Amennyiben a konzult\u00e1ci\u00f3s keretek k\u00f6z\u00f6tt nem megoldhat\u00f3 a probl\u00e9ma, vagy klinikai k\u00f3rk\u00e9p gyan\u00faja mer\u00fcl fel, tov\u00e1bbir\u00e1ny\u00edtom a gyermeket.<\/h2><\/div><\/div>\n<\/div>\n<\/div>\n","protected":false},"excerpt":{"rendered":"","protected":false},"author":1,"featured_media":0,"parent":0,"menu_order":0,"comment_status":"closed","ping_status":"closed","template":"","meta":{"_regular_price":[],"currency_symbol":[],"footnotes":""},"class_list":["post-1459","page","type-page","status-publish","hentry"],"post_slider_layout_featured_media_urls":{"thumbnail":"","post_slider_layout_landscape_large":"","post_slider_layout_portrait_large":"","post_slider_layout_square_large":"","post_slider_layout_landscape":"","post_slider_layout_portrait":"","post_slider_layout_square":"","full":""},"_links":{"self":[{"href":"https:\/\/iranytufejlesztohaz.hu\/index.php?rest_route=\/wp\/v2\/pages\/1459","targetHints":{"allow":["GET"]}}],"collection":[{"href":"https:\/\/iranytufejlesztohaz.hu\/index.php?rest_route=\/wp\/v2\/pages"}],"about":[{"href":"https:\/\/iranytufejlesztohaz.hu\/index.php?rest_route=\/wp\/v2\/types\/page"}],"author":[{"embeddable":true,"href":"https:\/\/iranytufejlesztohaz.hu\/index.php?rest_route=\/wp\/v2\/users\/1"}],"replies":[{"embeddable":true,"href":"https:\/\/iranytufejlesztohaz.hu\/index.php?rest_route=%2Fwp%2Fv2%2Fcomments&post=1459"}],"version-history":[{"count":18,"href":"https:\/\/iranytufejlesztohaz.hu\/index.php?rest_route=\/wp\/v2\/pages\/1459\/revisions"}],"predecessor-version":[{"id":2280,"href":"https:\/\/iranytufejlesztohaz.hu\/index.php?rest_route=\/wp\/v2\/pages\/1459\/revisions\/2280"}],"wp:attachment":[{"href":"https:\/\/iranytufejlesztohaz.hu\/index.php?rest_route=%2Fwp%2Fv2%2Fmedia&parent=1459"}],"curies":[{"name":"wp","href":"https:\/\/api.w.org\/{rel}","templated":true}]}}