{"id":1408,"date":"2021-09-16T17:46:56","date_gmt":"2021-09-16T17:46:56","guid":{"rendered":"https:\/\/iranytufejlesztohaz.hu\/?page_id=1408"},"modified":"2021-09-29T17:13:24","modified_gmt":"2021-09-29T17:13:24","slug":"iskolaelokeszito","status":"publish","type":"page","link":"https:\/\/iranytufejlesztohaz.hu\/?page_id=1408","title":{"rendered":"Iskolael\u0151k\u00e9sz\u00edt\u0151"},"content":{"rendered":"\n<div class=\"wp-block-columns is-layout-flex wp-container-core-columns-is-layout-9d6595d7 wp-block-columns-is-layout-flex\">\n<div class=\"wp-block-column has-background is-layout-flow wp-block-column-is-layout-flow\" style=\"background-color:#ebf5f9\" id=\"Rajtvonal\">\n<div class=\"wp-block-ive-ibtana-visual-editorheading\"><div class=\"ive-advanced-text-wrap ive-div-advance-text_e2bed3-f9 undefined text-start text-md-center text-lg-start text-xl-start\"><h2 class=\"ive-heading-parent undefined ive-advanced-text-inner-wrap ive-adv-advance-text_e2bed3-f9 ive-lh-xs-20 ive-lh-sm-20 ive-lh-md-30 ive-lh-lg-30 ive-lh-xl-30\" id=\"ive-adv-advance-text_e2bed3-f9\"><br><strong><span style=\"color:#1a99b2\" class=\"has-inline-color\">Rajtvonal: komplex iskolael\u0151k\u00e9sz\u00edt\u0151 program<\/span><\/strong><br><br>Szeretettel v\u00e1runk minden iskol\u00e1ba k\u00e9sz\u00fcl\u0151 kisgyermeket <strong>Rajtvonal<\/strong> foglalkoz\u00e1sainkra, a probl\u00e9mamentes iskolakezd\u00e9s \u00e9rdek\u00e9ben! Igyeksz\u00fcnk id\u0151t sp\u00f3rolni a csal\u00e1doknak, ez\u00e9rt a 60 perces alkalmak sor\u00e1n a mozg\u00e1s-, \u00e9s kognit\u00edv fejleszt\u00e9s egyar\u00e1nt megval\u00f3sul (30-30 percben). Term\u00e9szetesen a j\u00e1t\u00e9koss\u00e1g, az \u00e9lm\u00e9nyteli tanul\u00e1s, fejl\u0151d\u00e9s a legfontosabb c\u00e9lunk.<br><strong><em><br>Kinek aj\u00e1nljuk?<\/em><\/strong><br>Olyan <strong>5. \u00e9let\u00e9v\u00fcket m\u00e1r bet\u00f6lt\u00f6tt gyermekeknek<\/strong>, akik j\u00f6v\u0151 szeptemberben szeretn\u00e9nek iskol\u00e1ba menni, ugyanakkor:<br>* idegrendszerileg \u00e9retlenek<br>* gyenge mozg\u00e1skoordin\u00e1ci\u00f3 jellemzi \u0151ket<br>* nem szeretnek rollerezni, vagy nem tudnak m\u00e9g p\u00f3tker\u00e9k n\u00e9lk\u00fcl biciklizni<br>* gyenge \u00e1ll\u00f3k\u00e9pess\u00e9ggel rendelkeznek<br>* nehezen t\u00e1j\u00e9koz\u00f3dnak a t\u00e9rben (olyan &#8222;elveszettnek&#8221; t\u0171nnek)<br>* sz\u00fcleik bizonytalanok a beiskol\u00e1z\u00e1st illet\u0151en<br><br><strong><em>Mit \u00e9rdemes tudni a programr\u00f3l?<\/em><\/strong><br>Az al\u00e1bbi ter\u00fcletek fejleszt\u00e9se a c\u00e9lunk:<br><span style=\"text-decoration: underline;\">Mozg\u00e1s:<\/span><br>* Nagymozg\u00e1s, mozg\u00e1skoordin\u00e1ci\u00f3<br>* Egyens\u00faly\u00e9rz\u00e9k<br>* Propriocept\u00edv \u00e9rz\u00e9kel\u00e9s<br>* Orient\u00e1ci\u00f3: tests\u00e9ma, t\u00e9ri orient\u00e1ci\u00f3<br><br><span style=\"text-decoration: underline;\">Kognit\u00edv funkci\u00f3k:<\/span><br>* \u00c9szlel\u00e9s: vizu\u00e1lis, audit\u00edv, kinesztetikus, sztereognosztikus<br>* Figyelem: vizu\u00e1lis, audit\u00edv<br>* Koncentr\u00e1ci\u00f3: \u00f6sszpontos\u00edt\u00e1s, kitart\u00e1s,<br>* Eml\u00e9kezet: vizu\u00e1lis, audit\u00edv<br>* K\u00e9pzelet, fant\u00e1zia<br>* Gondolkod\u00e1s: r\u00e9sz-eg\u00e9sz viszony, \u00f6sszehasonl\u00edt\u00e1s<br>* Szerialit\u00e1s<br>* Intermodalit\u00e1s<br>* Szem-k\u00e9z koordin\u00e1ci\u00f3<br>* Finommotorika<br>* Grafomotorium<br>* Id\u0151i orient\u00e1ci\u00f3<br>* Szociabilit\u00e1s: t\u00e1rsas kapcsolatok, \u00f6nbizalom<br>* Feladattudat, feladattart\u00e1s<br><br>Foglalkoz\u00e1saink tematikusan egym\u00e1sra \u00e9p\u00fclnek. Az \u00e9ves fejleszt\u00e9si tervet a felm\u00e9r\u00e9st k\u00f6vet\u0151en az egy\u00e9ni sz\u00fcks\u00e9gletekhez igazodva \u00e1ll\u00edtjuk \u00f6ssze. Komoly elmarad\u00e1s est\u00e9n heti 2 alkalommal javasoljuk a r\u00e9szv\u00e9telt.<br><br>A foglalkoz\u00e1sokon t\u00fal, \u00e1ltalunk \u00f6ssze\u00e1ll\u00edtott \u201eh\u00e1zi feladatokkal\u201d seg\u00edtj\u00fck az otthoni gyakorl\u00e1st, a felk\u00e9sz\u00fcl\u00e9st az iskol\u00e1ra. A siker \u00e9rdek\u00e9ben elengedhetetlen a gyermek motiv\u00e1ci\u00f3ja, ez\u00e9rt j\u00e1t\u00e9kos form\u00e1ban, de tudatosan k\u00e9sz\u00fcl\u00fcnk az iskol\u00e1ra. <br>A c\u00e9lok megval\u00f3s\u00edt\u00e1sa \u00e9rdek\u00e9ben nagy hangs\u00falyt fektet\u00fcnk az egy\u00fcttm\u0171k\u00f6d\u00e9sre, a kapcsolattart\u00e1sra a csal\u00e1ddal, a gyermekkel foglalkoz\u00f3 pedag\u00f3gusokkal, \u00e9s sz\u00fcks\u00e9g eset\u00e9n m\u00e1s szakemberekkel (f\u00fcl-orr-g\u00e9g\u00e9sz, szem\u00e9sz szakorvos).<\/h2><\/div><\/div>\n<\/div>\n<\/div>\n\n\n\n<div class=\"wp-block-columns is-layout-flex wp-container-core-columns-is-layout-9d6595d7 wp-block-columns-is-layout-flex\">\n<div class=\"wp-block-column has-background is-layout-flow wp-block-column-is-layout-flow\" style=\"background-color:#ebf5f9\" id=\"Varazsceruza1\">\n<div class=\"wp-block-ive-ibtana-visual-editorheading\"><div class=\"ive-advanced-text-wrap ive-div-advance-text_40e9b1-07 undefined text-start text-md-center text-lg-start text-xl-start\"><h2 class=\"ive-heading-parent undefined ive-advanced-text-inner-wrap ive-adv-advance-text_40e9b1-07 ive-lh-xs-20 ive-lh-sm-20 ive-lh-md-30 ive-lh-lg-30 ive-lh-xl-30\" id=\"ive-adv-advance-text_40e9b1-07\"><br><strong><span style=\"color:#1a99b2\" class=\"has-inline-color\">Var\u00e1zsceruza 1. \u2013 grafomotoros fejleszt\u00e9s \u00f3vod\u00e1soknak<\/span><\/strong><br><strong><br>N\u00e9h\u00e1ny gondolat a program c\u00e9lj\u00e1r\u00f3l, valamint a k\u00e9z-, \u00e9s ujjmozg\u00e1sok fejl\u0151d\u00e9s\u00e9r\u0151l:<\/strong><br>K\u00e9z\u00fcgyess\u00e9get, finommotorik\u00e1t fejleszt\u0151 foglalkoz\u00e1sainkat, azon gyermekek sz\u00e1m\u00e1ra hoztuk l\u00e9tre, akik iskol\u00e1ba k\u00e9sz\u00fclnek, \u00e9s l\u00e1tv\u00e1nyosan \u00e9rdekesen, ijeszt\u0151en fogj\u00e1k a ceruz\u00e1t. Sokan azt gondolj\u00e1k, hogy majd t\u00f6bb rajzol\u00e1ssal, m\u00e9g t\u00f6bb feladatlap kit\u00f6lt\u00e9s\u00e9vel megoldj\u00e1k. Term\u00e9szetesen javulni fog ett\u0151l is valamilyen m\u00e9rt\u00e9kben, de nem ez a helyes megold\u00e1s.<br>Az \u00f3vod\u00e1s gyermek keze m\u00e9g nem alkalmas az \u00edr\u00e1sra. A k\u00e9zt\u0151csontok csontosod\u00e1si folyamata csak kb. 8 \u00e9ves korra fejez\u0151dik be. Nek\u00fcnk az a c\u00e9lunk, hogy k\u00fcl\u00f6nb\u00f6z\u0151 tev\u00e9kenys\u00e9gek, k\u00e9zj\u00e1t\u00e9kok, ujj-j\u00e1t\u00e9kok \u00e1ltal meger\u0151s\u00edts\u00fck, alkalmass\u00e1 tegy\u00fck a kezet az \u00edr\u00e1sra. Komoly, illetve \u00f6sszetett probl\u00e9ma eset\u00e9n nagymozg\u00e1s fejleszt\u00e9s\u00e9re is sz\u00fcks\u00e9g lehet. Ezt a fejleszt\u00e9st megel\u0151z\u0151 komplex vizsg\u00e1lat eredm\u00e9nye d\u00f6nti el.<br><br><strong>Kiknek aj\u00e1nljuk?<\/strong><br>az <strong>5. \u00e9let\u00e9v\u00fcket m\u00e1r bet\u00f6lt\u00f6tt gyermekeknek<\/strong>, akik j\u00f6v\u0151 szeptemberben szeretn\u00e9nek iskol\u00e1ba menni, ugyanakkor:<br>* helytelen\u00fcl fogj\u00e1k a ceruz\u00e1t (p.: marokra, vagy sok ujjal)<br>* nem szeretnek rajzolni, mert meger\u0151ltet\u0151nek \u00e9rzik, vagy mert \u00fcgyetlennek \u00e9rzik magukat<br>* gyenge vagy t\u00fal er\u0151s nyomat\u00e9kkal rajzolnak<br>* sz\u00ednez\u00e9skor m\u00e9g mindig \u201ekiszalad\u201d a ceruza a vonalb\u00f3l<br>* helytelen\u00fcl fogj\u00e1k az ev\u0151eszk\u00f6zt<br>* nem tudj\u00e1k kikanalazni a levest a t\u00e1ny\u00e9rb\u00f3l<br>* v\u00e1ltogatj\u00e1k a k\u00e9zben az ev\u0151eszk\u00f6zt \u00e9s\/vagy az \u00edr\u00f3szersz\u00e1mot<br>* nem szeretnek leg\u00f3val j\u00e1tszani, mert nem siker\u00fcl megfelel\u0151 er\u0151vel \u00f6sszenyomni az elemeket<br><strong><br>Mi t\u00f6rt\u00e9nik a foglalkoz\u00e1sok sor\u00e1n?<\/strong><br>A k\u00e9z-, \u00e9s ujj-j\u00e1t\u00e9kok sz\u00e9les t\u00e1rh\u00e1z\u00e1val ismertetj\u00fck meg a gyermekeket. P\u00e9ld\u00e1ul a Kov\u00e1cs-m\u00f3dszer \u00f3ri\u00e1s l\u00e9gg\u00f6mbbel v\u00e9gzett ujjdifferenci\u00e1l\u00f3 feladatai szerves r\u00e9sz\u00e9t k\u00e9pezik az \u00f3r\u00e1knak, mely \u00e1ltal \u00f6r\u00f6mteli, felszabadult hangulatban, szinte \u00e9szrev\u00e9tlen v\u00e1lik tudatoss\u00e1 az ujjak elk\u00fcl\u00f6n\u00edtett mozgat\u00e1sa.<br>Az els\u0151 f\u00e9l\u00e9vben csak kb. 5 \u2013 10 percig fognak a gyerekek ceruz\u00e1t a kez\u00fckbe, m\u00edg a m\u00e1sodik f\u00e9l\u00e9v sor\u00e1n max. 10 \u2013 15 percre n\u00f6velj\u00fck ezt az id\u0151tartamot.<\/h2><\/div><\/div>\n<\/div>\n<\/div>\n\n\n\n<p><\/p>\n","protected":false},"excerpt":{"rendered":"","protected":false},"author":1,"featured_media":0,"parent":0,"menu_order":0,"comment_status":"closed","ping_status":"closed","template":"","meta":{"_regular_price":[],"currency_symbol":[],"footnotes":""},"class_list":["post-1408","page","type-page","status-publish","hentry"],"post_slider_layout_featured_media_urls":{"thumbnail":"","post_slider_layout_landscape_large":"","post_slider_layout_portrait_large":"","post_slider_layout_square_large":"","post_slider_layout_landscape":"","post_slider_layout_portrait":"","post_slider_layout_square":"","full":""},"_links":{"self":[{"href":"https:\/\/iranytufejlesztohaz.hu\/index.php?rest_route=\/wp\/v2\/pages\/1408","targetHints":{"allow":["GET"]}}],"collection":[{"href":"https:\/\/iranytufejlesztohaz.hu\/index.php?rest_route=\/wp\/v2\/pages"}],"about":[{"href":"https:\/\/iranytufejlesztohaz.hu\/index.php?rest_route=\/wp\/v2\/types\/page"}],"author":[{"embeddable":true,"href":"https:\/\/iranytufejlesztohaz.hu\/index.php?rest_route=\/wp\/v2\/users\/1"}],"replies":[{"embeddable":true,"href":"https:\/\/iranytufejlesztohaz.hu\/index.php?rest_route=%2Fwp%2Fv2%2Fcomments&post=1408"}],"version-history":[{"count":37,"href":"https:\/\/iranytufejlesztohaz.hu\/index.php?rest_route=\/wp\/v2\/pages\/1408\/revisions"}],"predecessor-version":[{"id":2117,"href":"https:\/\/iranytufejlesztohaz.hu\/index.php?rest_route=\/wp\/v2\/pages\/1408\/revisions\/2117"}],"wp:attachment":[{"href":"https:\/\/iranytufejlesztohaz.hu\/index.php?rest_route=%2Fwp%2Fv2%2Fmedia&parent=1408"}],"curies":[{"name":"wp","href":"https:\/\/api.w.org\/{rel}","templated":true}]}}