{"id":1401,"date":"2021-09-16T17:35:50","date_gmt":"2021-09-16T17:35:50","guid":{"rendered":"https:\/\/iranytufejlesztohaz.hu\/?page_id=1401"},"modified":"2021-09-29T16:35:34","modified_gmt":"2021-09-29T16:35:34","slug":"delacato-torna","status":"publish","type":"page","link":"https:\/\/iranytufejlesztohaz.hu\/?page_id=1401","title":{"rendered":"Delacato torna"},"content":{"rendered":"\n<div class=\"wp-block-columns is-layout-flex wp-container-core-columns-is-layout-9d6595d7 wp-block-columns-is-layout-flex\">\n<div class=\"wp-block-column has-background is-layout-flow wp-block-column-is-layout-flow\" style=\"background-color:#ebf5f9\">\n<div class=\"wp-block-ive-ibtana-visual-editorheading\"><div class=\"ive-advanced-text-wrap ive-div-advance-text_522293-b3 undefined text-start text-md-center text-lg-start text-xl-start\"><h2 class=\"ive-heading-parent undefined ive-advanced-text-inner-wrap ive-adv-advance-text_522293-b3 ive-lh-xs-20 ive-lh-sm-20 ive-lh-md-30 ive-lh-lg-30 ive-lh-xl-30\" id=\"ive-adv-advance-text_522293-b3\"><strong>A Delacato-m\u00f3dszer<\/strong><br><br>Carl Henry Delacato philadelphiai neurol\u00f3gus \u00e9s munkat\u00e1rsai dolgozt\u00e1k ki ezt a m\u00f3dszert. Elm\u00e9lete szerint az egyedfejl\u0151d\u00e9s a t\u00f6rzsfejl\u0151d\u00e9s szerint halad, els\u0151 \u00e9veiben megism\u00e9tli annak fontos \u00e1llom\u00e1sait. Mivel a mozg\u00e1sfejl\u0151d\u00e9s \u00e9s az idegrendszer fejl\u0151d\u00e9se szorosan \u00f6sszef\u00fcgg, a be nem gyakorolt mozg\u00e1sok, a kimaradt mozg\u00e1sform\u00e1k, negat\u00edv k\u00f6vetkezm\u00e9nyekkel j\u00e1rnak, \u00e9s a k\u00e9s\u0151bbi \u00e9vekben tanul\u00e1si neh\u00e9zs\u00e9gekhez \u00e9s magatart\u00e1si probl\u00e9m\u00e1khoz vezethetnek. Ez\u00e9rt c\u00e9lja a mozg\u00e1s\u00e1llapot r\u00e9szletes felt\u00e9rk\u00e9pez\u00e9se ut\u00e1n a kimaradt mozg\u00e1sform\u00e1k begyakorl\u00e1sa, valamint az egyedfejl\u0151d\u00e9s akkori id\u0151szak\u00e1ban fejl\u0151d\u0151 agyi ter\u00fcletek mozg\u00e1s \u00e1ltali stimul\u00e1l\u00e1sa. A m\u00f3dszer alkalmaz\u00e1sa sor\u00e1n a gyermek \u00fajra \u00e9li a kor\u00e1bbi \u00e9letszakaszt, mely sor\u00e1n \u00fajj\u00e1 szervez\u0151dnek az agyi ter\u00fcletek \u00e9s azok \u00f6sszek\u00f6ttet\u00e9sei.<br><br>A tanul\u00e1si neh\u00e9zs\u00e9gekkel k\u00fczd\u0151 gyermekek sz\u00e1m\u00e1ra Magyarorsz\u00e1gon Delacato m\u00f3dszer\u00e9re alapozva Kulcs\u00e1r Mih\u00e1lyn\u00e9 dolgozott ki egy mozg\u00e1ster\u00e1pi\u00e1t. A fejleszt\u0151program id\u0151tartam\u00e1t a probl\u00e9ma s\u00falyoss\u00e1ga hat\u00e1rozza meg (kb. 1 \u00e9v), de ez term\u00e9szetesen egy\u00e9nenk\u00e9nt v\u00e1ltoz\u00f3. A betan\u00edtott feladatsort a gyermek a sz\u00fcl\u0151 seg\u00edts\u00e9g\u00e9vel, napi rendszeress\u00e9ggel (kb. 30 perc) v\u00e9gzi (hetente min. 5x). Kontrollvizsg\u00e1latra 3 \u2013 4 hetente ker\u00fcl sor, ahol a v\u00e9grehajt\u00e1s min\u0151s\u00e9g\u00e9nek ellen\u0151rz\u00e9se, illetve az \u00fajabb feladatsor betan\u00edt\u00e1sa t\u00f6rt\u00e9nik.<br><br>Ezt a mozg\u00e1ster\u00e1pi\u00e1t <strong>7 &#8211; 8 \u00e9ves kort\u00f3l aj\u00e1nljuk<\/strong>, ugyanis a feladatsor v\u00e9grehajt\u00e1sa komoly koncentr\u00e1ci\u00f3t ig\u00e9nyel, amire egy \u00f3vod\u00e1s gyermek m\u00e9g nem k\u00e9pes. Tov\u00e1bb\u00e1 mozg\u00e1sszervi szempontb\u00f3l a kisgyermek izomzata m\u00e9g nem alkalmas bizonyos feladatok kivitelez\u00e9s\u00e9re.<br><br><strong>Kinek aj\u00e1nljuk?<\/strong><br>* tanul\u00e1si neh\u00e9zs\u00e9ggel k\u00fczd\u0151 iskol\u00e1s gyermekeknek, 7 &#8211; 8 \u00e9ves kort\u00f3l<br>* gyenge mozg\u00e1skoordin\u00e1ci\u00f3j\u00fa gyermekeknek<br>* figyelem, valamint magatart\u00e1si probl\u00e9m\u00e1k eset\u00e9n<br>* akik v\u00e1llalni tudj\u00e1k, hogy naponta elv\u00e9gzik a kb. 30 perces koncentr\u00e1lt feladatsort<br><br><strong>Amire hat\u00e1ssal van:<\/strong><br>* figyelem<br>* magatart\u00e1s<br>* mozg\u00e1skoordin\u00e1ci\u00f3<br>* egyens\u00faly<br>* t\u00e9ri t\u00e1j\u00e9koz\u00f3d\u00e1s<br>* finommozg\u00e1s<\/h2><\/div><\/div>\n<\/div>\n<\/div>\n\n\n\n<p><\/p>\n","protected":false},"excerpt":{"rendered":"","protected":false},"author":1,"featured_media":0,"parent":0,"menu_order":0,"comment_status":"closed","ping_status":"closed","template":"","meta":{"_regular_price":[],"currency_symbol":[],"footnotes":""},"class_list":["post-1401","page","type-page","status-publish","hentry"],"post_slider_layout_featured_media_urls":{"thumbnail":"","post_slider_layout_landscape_large":"","post_slider_layout_portrait_large":"","post_slider_layout_square_large":"","post_slider_layout_landscape":"","post_slider_layout_portrait":"","post_slider_layout_square":"","full":""},"_links":{"self":[{"href":"https:\/\/iranytufejlesztohaz.hu\/index.php?rest_route=\/wp\/v2\/pages\/1401","targetHints":{"allow":["GET"]}}],"collection":[{"href":"https:\/\/iranytufejlesztohaz.hu\/index.php?rest_route=\/wp\/v2\/pages"}],"about":[{"href":"https:\/\/iranytufejlesztohaz.hu\/index.php?rest_route=\/wp\/v2\/types\/page"}],"author":[{"embeddable":true,"href":"https:\/\/iranytufejlesztohaz.hu\/index.php?rest_route=\/wp\/v2\/users\/1"}],"replies":[{"embeddable":true,"href":"https:\/\/iranytufejlesztohaz.hu\/index.php?rest_route=%2Fwp%2Fv2%2Fcomments&post=1401"}],"version-history":[{"count":11,"href":"https:\/\/iranytufejlesztohaz.hu\/index.php?rest_route=\/wp\/v2\/pages\/1401\/revisions"}],"predecessor-version":[{"id":2110,"href":"https:\/\/iranytufejlesztohaz.hu\/index.php?rest_route=\/wp\/v2\/pages\/1401\/revisions\/2110"}],"wp:attachment":[{"href":"https:\/\/iranytufejlesztohaz.hu\/index.php?rest_route=%2Fwp%2Fv2%2Fmedia&parent=1401"}],"curies":[{"name":"wp","href":"https:\/\/api.w.org\/{rel}","templated":true}]}}