{"id":126,"date":"2021-08-29T15:24:28","date_gmt":"2021-08-29T15:24:28","guid":{"rendered":"https:\/\/iranytufejlesztohaz.hu\/?page_id=126"},"modified":"2024-09-05T18:09:07","modified_gmt":"2024-09-05T18:09:07","slug":"szakembereink","status":"publish","type":"page","link":"https:\/\/iranytufejlesztohaz.hu\/?page_id=126","title":{"rendered":"Foglalkoz\u00e1saink"},"content":{"rendered":"\n<div class=\"wp-block-ive-ibtana-visual-editorheading\"><div class=\"ive-advanced-text-wrap ive-div-advance-text_7965fe-99 slideInUp animated text-center text-md-center text-lg-start text-xl-start\"><h2 class=\"ive-heading-parent undefined ive-advanced-text-inner-wrap ive-adv-advance-text_7965fe-99 ive-lh-xs-30 ive-lh-sm-30 ive-lh-md-30 ive-lh-lg-30 ive-lh-xl-30\" id=\"ive-adv-advance-text_7965fe-99\"><em><strong>Kedves Sz\u00fcl\u0151k!<\/strong><br><br>Sz\u00e1munkra rendk\u00edv\u00fcl fontos, hogy gyermek\u00fck r\u00e9sz\u00e9re az \u0151  aktu\u00e1lis idegrendszeri \u00e9retts\u00e9g\u00e9hez \/ \u00e1llapot\u00e1hoz igazod\u00f3 foglalkoz\u00e1st tudjuk felk\u00edn\u00e1lni.<br>Ennek \u00e9rdek\u00e9ben minden hozz\u00e1nk \u00e9rkez\u0151 gyermek komplex felm\u00e9r\u00e9sen vesz r\u00e9szt, melynek eredm\u00e9nyei alapj\u00e1n fogalmazzuk meg <em>fejleszt\u0151 \/ ter\u00e1pi\u00e1s<\/em> javaslatainkat.<\/em><\/h2><\/div><\/div>\n\n\n\n<div class=\"wp-block-ive-separator aligncenter undefined ive-separator-_a6eb3a-5b mx-lg-5\"><div class=\"ive-separator ive-separator-halign-center\"><hr class=\"ive-separator-hr float-xl-center float-lg-center float-sm-center float-center\"\/><\/div><\/div>\n\n\n\n<div class=\"wp-block-cover is-light\" style=\"min-height:100vh;aspect-ratio:unset;\" id=\"Babaknak\"><span aria-hidden=\"true\" class=\"wp-block-cover__background has-background-dim-0 has-background-dim\"><\/span><img loading=\"lazy\" decoding=\"async\" width=\"1500\" height=\"1000\" class=\"wp-block-cover__image-background wp-image-1904\" alt=\"\" src=\"https:\/\/iranytufejlesztohaz.hu\/wp-content\/uploads\/2021\/09\/Baba_fejlesztovel_1500.jpg\" style=\"object-position:49% 39%\" data-object-fit=\"cover\" data-object-position=\"49% 39%\" srcset=\"https:\/\/iranytufejlesztohaz.hu\/wp-content\/uploads\/2021\/09\/Baba_fejlesztovel_1500.jpg 1500w, https:\/\/iranytufejlesztohaz.hu\/wp-content\/uploads\/2021\/09\/Baba_fejlesztovel_1500-300x200.jpg 300w, https:\/\/iranytufejlesztohaz.hu\/wp-content\/uploads\/2021\/09\/Baba_fejlesztovel_1500-1024x683.jpg 1024w, https:\/\/iranytufejlesztohaz.hu\/wp-content\/uploads\/2021\/09\/Baba_fejlesztovel_1500-768x512.jpg 768w, https:\/\/iranytufejlesztohaz.hu\/wp-content\/uploads\/2021\/09\/Baba_fejlesztovel_1500-1200x800.jpg 1200w, https:\/\/iranytufejlesztohaz.hu\/wp-content\/uploads\/2021\/09\/Baba_fejlesztovel_1500-600x400.jpg 600w\" sizes=\"auto, (max-width: 1500px) 100vw, 1500px\" \/><div class=\"wp-block-cover__inner-container is-layout-flow wp-block-cover-is-layout-flow\">\n<div class=\"wp-block-ive-ibtana-visual-editorheading\"><div class=\"ive-advanced-text-wrap ive-div-advance-text_3565d7-18 undefined text-center text-md-center text-lg-end text-xl-end\"><h2 class=\"ive-heading-parent undefined ive-advanced-text-inner-wrap ive-adv-advance-text_3565d7-18 ive-lh-xs-30 ive-lh-sm-30 ive-lh-md-30 ive-lh-lg-30 ive-lh-xl-30\" id=\"ive-adv-advance-text_3565d7-18\">Bab\u00e1knak<\/h2><\/div><\/div>\n<\/div><\/div>\n\n\n\n<p><\/p>\n\n\n\n<div class=\"wp-block-columns is-layout-flex wp-container-core-columns-is-layout-9d6595d7 wp-block-columns-is-layout-flex\">\n<div class=\"wp-block-column is-layout-flow wp-block-column-is-layout-flow\">\n<div class=\"wp-block-ive-ibtana-visual-editorheading\"><div class=\"ive-advanced-text-wrap ive-div-advance-text_0c1e31-c0 undefined text-center text-md-center text-lg-center text-xl-center\"><h2 class=\"ive-heading-parent undefined ive-advanced-text-inner-wrap ive-adv-advance-text_0c1e31-c0 ive-lh-xs-30 ive-lh-sm-30 ive-lh-md-30 ive-lh-lg-30 ive-lh-xl-30\" id=\"ive-adv-advance-text_0c1e31-c0\">Egy\u00e9ni foglalkoz\u00e1sok \/ fejleszt\u00e9sek<\/h2><\/div><\/div>\n\n\n\n<div class=\"wp-block-ive-ibtana-visual-editorheading\"><div class=\"ive-advanced-text-wrap ive-div-advance-text_9a9ab5-49 undefined text-center text-md-center text-lg-start text-xl-start\"><h2 class=\"ive-heading-parent undefined ive-advanced-text-inner-wrap ive-adv-advance-text_9a9ab5-49 ive-lh-xs-25 ive-lh-sm-25 ive-lh-md-30 ive-lh-lg-30 ive-lh-xl-30\" id=\"ive-adv-advance-text_9a9ab5-49\"><a href=\"https:\/\/iranytufejlesztohaz.hu\/?page_id=1301\" data-type=\"page\" data-id=\"1301\"><strong>Kondukt\u00edv fejleszt\u00e9s<\/strong><\/a><br>Idegrendszeri \u00e9r\u00e9s\u00fckben, fejl\u0151d\u00e9s\u00fckben elmarad\u00e1st mutat\u00f3 bab\u00e1knak eg\u00e9szen \u00fajsz\u00fcl\u00f6tt  kort\u00f3l.<br><br><a href=\"https:\/\/iranytufejlesztohaz.hu\/?page_id=1459\" data-type=\"page\" data-id=\"1459\"><strong>Pszichol\u00f3giai seg\u00edts\u00e9gny\u00fajt\u00e1s<\/strong><\/a><br>Gondoz\u00e1si-, nevel\u00e9si neh\u00e9z\u00e9segek, illetve \u00e9lethelyzet-v\u00e1ltoz\u00e1ssal kapcsolatos k\u00e9rd\u00e9sek \u00e1tbesz\u00e9l\u00e9se.<br><br><a href=\"https:\/\/iranytufejlesztohaz.hu\/?page_id=2273\"><strong>Sz\u00fcl\u0151-csecsem\u0151 konzult\u00e1ci\u00f3<\/strong><\/a><br>Ev\u00e9s- \u00e9s alv\u00e1sprobl\u00e9m\u00e1k, megnyugtathatatlan s\u00edr\u00e1s eset\u00e9n javasolt. \u00dajsz\u00fcl\u00f6tt kort\u00f3l el\u00e9rhet\u0151.<br><br><\/h2><\/div><\/div>\n<\/div>\n\n\n\n<div class=\"wp-block-column is-layout-flow wp-block-column-is-layout-flow\">\n<div class=\"wp-block-ive-ibtana-visual-editorheading\"><div class=\"ive-advanced-text-wrap ive-div-advance-text_80ba7e-72 undefined text-center text-md-center text-lg-center text-xl-center\"><h2 class=\"ive-heading-parent undefined ive-advanced-text-inner-wrap ive-adv-advance-text_80ba7e-72 ive-lh-xs-30 ive-lh-sm-30 ive-lh-md-30 ive-lh-lg-30 ive-lh-xl-30\" id=\"ive-adv-advance-text_80ba7e-72\">Egy\u00e9b programok mam\u00e1knak \u00e9s bab\u00e1kak<\/h2><\/div><\/div>\n\n\n\n<div class=\"wp-block-ive-ibtana-visual-editorheading\"><div class=\"ive-advanced-text-wrap ive-div-advance-text_5c76d9-d3 undefined text-center text-md-center text-lg-start text-xl-start\"><h2 class=\"ive-heading-parent undefined ive-advanced-text-inner-wrap ive-adv-advance-text_5c76d9-d3 ive-lh-xs-25 ive-lh-sm-25 ive-lh-md-30 ive-lh-lg-30 ive-lh-xl-30\" id=\"ive-adv-advance-text_5c76d9-d3\"><a href=\"https:\/\/iranytufejlesztohaz.hu\/?page_id=1394\" data-type=\"page\" data-id=\"1394\"><strong>Baba-torna<\/strong><\/a><br>Konduktor \u00e1ltal vezetett j\u00e1t\u00e9kos, fejleszt\u0151 hat\u00e1s\u00fa torna foglalkoz\u00e1sok bab\u00e1knak \u00e9s mam\u00e1knak. \u00c9letkoronk\u00e9nt <br>* &#8222;M\u00e1sz\u00f3ka&#8221;, <br>* &#8222;Totyog\u00f3&#8221; \u00e9s <br>* &#8222;Futkos\u00f3&#8221; csoport indul.<br><br><a href=\"https:\/\/iranytufejlesztohaz.hu\/?page_id=2305\"><strong>Kismama j\u00f3ga \/ Nal\u00edni n\u0151i j\u00f3ga<\/strong> <strong>\/ Hangf\u00fcrd\u0151<\/strong><\/a><br>A heti rendszeress\u00e9g\u0171 foglalkoz\u00e1sok a mam\u00e1k felt\u00f6lt\u0151d\u00e9s\u00e9t seg\u00edtik. Csoportos \u00e9s egy\u00e9ni \u00f3r\u00e1k is el\u00e9rhet\u0151k.<br><br><br><\/h2><\/div><\/div>\n<\/div>\n<\/div>\n\n\n\n<div class=\"wp-block-ive-separator aligncenter undefined ive-separator-_10aa8b-e4 mx-lg-5\"><div class=\"ive-separator ive-separator-halign-center\"><hr class=\"ive-separator-hr float-xl-center float-lg-center float-sm-center float-center\"\/><\/div><\/div>\n\n\n\n<div class=\"wp-block-cover aligncenter is-light\" style=\"min-height:100vh;aspect-ratio:unset;\" id=\"Ovodasoknak\"><span aria-hidden=\"true\" class=\"wp-block-cover__background has-background-dim-0 has-background-dim\"><\/span><img loading=\"lazy\" decoding=\"async\" width=\"1500\" height=\"1000\" class=\"wp-block-cover__image-background wp-image-2054\" alt=\"\" src=\"https:\/\/iranytufejlesztohaz.hu\/wp-content\/uploads\/2021\/09\/Ovodas_tornazik_1500.jpg\" data-object-fit=\"cover\" srcset=\"https:\/\/iranytufejlesztohaz.hu\/wp-content\/uploads\/2021\/09\/Ovodas_tornazik_1500.jpg 1500w, https:\/\/iranytufejlesztohaz.hu\/wp-content\/uploads\/2021\/09\/Ovodas_tornazik_1500-300x200.jpg 300w, https:\/\/iranytufejlesztohaz.hu\/wp-content\/uploads\/2021\/09\/Ovodas_tornazik_1500-1024x683.jpg 1024w, https:\/\/iranytufejlesztohaz.hu\/wp-content\/uploads\/2021\/09\/Ovodas_tornazik_1500-768x512.jpg 768w, https:\/\/iranytufejlesztohaz.hu\/wp-content\/uploads\/2021\/09\/Ovodas_tornazik_1500-1200x800.jpg 1200w, https:\/\/iranytufejlesztohaz.hu\/wp-content\/uploads\/2021\/09\/Ovodas_tornazik_1500-600x400.jpg 600w\" sizes=\"auto, (max-width: 1500px) 100vw, 1500px\" \/><div class=\"wp-block-cover__inner-container is-layout-flow wp-block-cover-is-layout-flow\">\n<div class=\"wp-block-ive-ibtana-visual-editorheading\"><div class=\"ive-advanced-text-wrap ive-div-advance-text_69a954-20 undefined text-center text-md-center text-lg-end text-xl-end\"><h2 class=\"ive-heading-parent undefined ive-advanced-text-inner-wrap ive-adv-advance-text_69a954-20 ive-lh-xs-30 ive-lh-sm-30 ive-lh-md-30 ive-lh-lg-30 ive-lh-xl-30\" id=\"ive-adv-advance-text_69a954-20\">\u00d3vod\u00e1soknak<\/h2><\/div><\/div>\n\n\n\n<p><\/p>\n<\/div><\/div>\n\n\n\n<p><\/p>\n\n\n\n<div class=\"wp-block-columns is-layout-flex wp-container-core-columns-is-layout-9d6595d7 wp-block-columns-is-layout-flex\">\n<div class=\"wp-block-column is-layout-flow wp-block-column-is-layout-flow\">\n<div class=\"wp-block-ive-ibtana-visual-editorheading\"><div class=\"ive-advanced-text-wrap ive-div-advance-text_573162-00 undefined text-center text-md-center text-lg-center text-xl-center\"><h2 class=\"ive-heading-parent undefined ive-advanced-text-inner-wrap ive-adv-advance-text_573162-00 ive-lh-xs-30 ive-lh-sm-30 ive-lh-md-30 ive-lh-lg-30 ive-lh-xl-30\" id=\"ive-adv-advance-text_573162-00\">Egy\u00e9ni foglalkoz\u00e1sok \/ fejleszt\u00e9sek<\/h2><\/div><\/div>\n\n\n\n<div class=\"wp-block-ive-ibtana-visual-editorheading\"><div class=\"ive-advanced-text-wrap ive-div-advance-text_9328d6-dd undefined text-center text-md-center text-lg-start text-xl-start\"><h2 class=\"ive-heading-parent undefined ive-advanced-text-inner-wrap ive-adv-advance-text_9328d6-dd ive-lh-xs-25 ive-lh-sm-25 ive-lh-md-30 ive-lh-lg-30 ive-lh-xl-30\" id=\"ive-adv-advance-text_9328d6-dd\"><a href=\"https:\/\/iranytufejlesztohaz.hu\/?page_id=1462\" data-type=\"page\" data-id=\"1462\"><strong>Szenzoros fejleszt\u00e9s (DSZIT \/ Ayres ter\u00e1pia)<\/strong><\/a><br>Azon gyermekek sz\u00e1m\u00e1ra, akiknek az \u00e9rz\u00e9kel\u00e9se valamely ter\u00fcleten (\u00edzlel\u00e9s, szagl\u00e1s, hall\u00e1s, tapint\u00e1s, mozg\u00e1s) elt\u00e9r az optim\u00e1list\u00f3l. Vagy kifejezetten az er\u0151s ingereket keresik (Pl. sz\u00edvesen neki\u00fctk\u00f6znek m\u00e1soknak), vagy m\u00e9g az enyh\u00e9ket is elker\u00fclik (pl. nem szeretik ha homokos a kez\u00fck).<br><br><a href=\"https:\/\/iranytufejlesztohaz.hu\/?page_id=1356\" data-type=\"page\" data-id=\"1356\"><strong>Logop\u00e9dia<\/strong><\/a><br>Ter\u00e1pi\u00e1k az artikul\u00e1ci\u00f3s-, besz\u00e9d\u00e9rt\u00e9si-, vagy besz\u00e9d\u00e9szlel\u00e9si neh\u00e9zs\u00e9ggel, valamint a nyelvl\u00f6k\u00e9ses nyel\u00e9ssel k\u00fczd\u0151 gyermekek sz\u00e1m\u00e1ra.<br><a href=\"https:\/\/iranytufejlesztohaz.hu\/?page_id=1459\" data-type=\"page\" data-id=\"1459\"><br><strong>Pszichol\u00f3giai seg\u00edts\u00e9gny\u00fajt\u00e1s<\/strong><\/a><br>Nevel\u00e9si k\u00e9rd\u00e9sek \u00e1tbesz\u00e9l\u00e9se, a gyermek viselked\u00e9sv\u00e1ltoz\u00e1s\u00e1nak h\u00e1tter\u00e9ben \u00e1ll\u00f3 t\u00e9nyez\u0151k k\u00f6z\u00f6s felt\u00e1r\u00e1sa, a sz\u00fcl\u0151 \u00e9s a gyermek egy\u00fcttm\u0171k\u00f6d\u00e9s\u00e9nek seg\u00edt\u00e9se.<\/h2><\/div><\/div>\n<\/div>\n\n\n\n<div class=\"wp-block-column is-layout-flow wp-block-column-is-layout-flow\">\n<div class=\"wp-block-ive-ibtana-visual-editorheading\"><div class=\"ive-advanced-text-wrap ive-div-advance-text_e58116-a8 undefined text-center text-md-center text-lg-center text-xl-center\"><h2 class=\"ive-heading-parent undefined ive-advanced-text-inner-wrap ive-adv-advance-text_e58116-a8 ive-lh-xs-30 ive-lh-sm-30 ive-lh-md-30 ive-lh-lg-30 ive-lh-xl-30\" id=\"ive-adv-advance-text_e58116-a8\">Csoportos fejleszt\u00e9sek<\/h2><\/div><\/div>\n\n\n\n<div class=\"wp-block-ive-ibtana-visual-editorheading\"><div class=\"ive-advanced-text-wrap ive-div-advance-text_600574-99 undefined text-center text-md-center text-lg-start text-xl-start\"><h2 class=\"ive-heading-parent undefined ive-advanced-text-inner-wrap ive-adv-advance-text_600574-99 ive-lh-xs-25 ive-lh-sm-25 ive-lh-md-30 ive-lh-lg-30 ive-lh-xl-30\" id=\"ive-adv-advance-text_600574-99\"><a href=\"\/?page_id=1408\/#Rajtvonal\" data-type=\"page\"><strong>Rajtvonal program &#8211; komplex iskolael\u0151k\u00e9sz\u00edt\u0151 foglalkoz\u00e1s<\/strong><\/a><strong><br><\/strong>Mozg\u00e1s- \u00e9s kognit\u00edv fejleszt\u00e9s 60 perces \u00f3ra keret\u00e9ben, a magabiztos iskolakezd\u00e9s \u00e9rdek\u00e9ben.<br><br><a href=\"https:\/\/iranytufejlesztohaz.hu\/?page_id=1268\" data-type=\"page\" data-id=\"1268\"><strong>Alapoz\u00f3 ter\u00e1pia \/ fejleszt\u00e9s<\/strong><\/a><br>Az idegrendszer komplex, mozg\u00e1sos fejleszt\u00e9se, melynek sor\u00e1n javul a mozg\u00e1s, a besz\u00e9d \u00e9s a figyelemkoncentr\u00e1ci\u00f3.<br><br><a href=\"https:\/\/iranytufejlesztohaz.hu\/?page_id=1408\/#Varazsceruza1\" data-type=\"page\"><strong>Var\u00e1zsceruza 1. &#8211; grafomotoros fejleszt\u00e9s<\/strong><\/a><br>A rajzolni nem szeret\u0151, ceruz\u00e1val nehezen b\u00e1n\u00f3 gyermekek sz\u00e1m\u00e1ra aj\u00e1nljuk.<br><br><br><br><br><br><\/h2><\/div><\/div>\n<\/div>\n<\/div>\n\n\n\n<div class=\"wp-block-ive-separator aligncenter undefined ive-separator-_2d4f5d-ce mx-lg-5\"><div class=\"ive-separator ive-separator-halign-center\"><hr class=\"ive-separator-hr float-xl-center float-lg-center float-sm-center float-center\"\/><\/div><\/div>\n\n\n\n<div class=\"wp-block-cover aligncenter is-light\" style=\"min-height:100vh;aspect-ratio:unset;\" id=\"Iskolasoknak\"><span aria-hidden=\"true\" class=\"wp-block-cover__background has-background-dim-0 has-background-dim\"><\/span><img loading=\"lazy\" decoding=\"async\" width=\"1500\" height=\"1000\" class=\"wp-block-cover__image-background wp-image-1898\" alt=\"\" src=\"https:\/\/iranytufejlesztohaz.hu\/wp-content\/uploads\/2021\/09\/Iskolas_fiu_1500.jpg\" style=\"object-position:56% 10%\" data-object-fit=\"cover\" data-object-position=\"56% 10%\" srcset=\"https:\/\/iranytufejlesztohaz.hu\/wp-content\/uploads\/2021\/09\/Iskolas_fiu_1500.jpg 1500w, https:\/\/iranytufejlesztohaz.hu\/wp-content\/uploads\/2021\/09\/Iskolas_fiu_1500-300x200.jpg 300w, https:\/\/iranytufejlesztohaz.hu\/wp-content\/uploads\/2021\/09\/Iskolas_fiu_1500-1024x683.jpg 1024w, https:\/\/iranytufejlesztohaz.hu\/wp-content\/uploads\/2021\/09\/Iskolas_fiu_1500-768x512.jpg 768w, https:\/\/iranytufejlesztohaz.hu\/wp-content\/uploads\/2021\/09\/Iskolas_fiu_1500-1200x800.jpg 1200w, https:\/\/iranytufejlesztohaz.hu\/wp-content\/uploads\/2021\/09\/Iskolas_fiu_1500-600x400.jpg 600w\" sizes=\"auto, (max-width: 1500px) 100vw, 1500px\" \/><div class=\"wp-block-cover__inner-container is-layout-flow wp-block-cover-is-layout-flow\">\n<div class=\"wp-block-ive-ibtana-visual-editorheading\"><div class=\"ive-advanced-text-wrap ive-div-advance-text_a79341-c8 undefined text-center text-md-center text-lg-end text-xl-end\"><h2 class=\"ive-heading-parent undefined ive-advanced-text-inner-wrap ive-adv-advance-text_a79341-c8 ive-lh-xs-30 ive-lh-sm-30 ive-lh-md-30 ive-lh-lg-30 ive-lh-xl-30\" id=\"ive-adv-advance-text_a79341-c8\">Iskol\u00e1soknak<\/h2><\/div><\/div>\n<\/div><\/div>\n\n\n\n<p><\/p>\n\n\n\n<div class=\"wp-block-columns is-layout-flex wp-container-core-columns-is-layout-9d6595d7 wp-block-columns-is-layout-flex\">\n<div class=\"wp-block-column is-layout-flow wp-block-column-is-layout-flow\">\n<div class=\"wp-block-ive-ibtana-visual-editorheading\"><div class=\"ive-advanced-text-wrap ive-div-advance-text_219710-7a undefined text-center text-md-center text-lg-center text-xl-center\"><h2 class=\"ive-heading-parent undefined ive-advanced-text-inner-wrap ive-adv-advance-text_219710-7a ive-lh-xs-30 ive-lh-sm-30 ive-lh-md-30 ive-lh-lg-30 ive-lh-xl-30\" id=\"ive-adv-advance-text_219710-7a\">Egy\u00e9ni fejleszt\u00e9sek<\/h2><\/div><\/div>\n\n\n\n<div class=\"wp-block-ive-ibtana-visual-editorheading\"><div class=\"ive-advanced-text-wrap ive-div-advance-text_22e487-c3 undefined text-center text-md-center text-lg-start text-xl-start\"><h2 class=\"ive-heading-parent undefined ive-advanced-text-inner-wrap ive-adv-advance-text_22e487-c3 ive-lh-xs-25 ive-lh-sm-25 ive-lh-md-30 ive-lh-lg-30 ive-lh-xl-30\" id=\"ive-adv-advance-text_22e487-c3\"><a href=\"\/?page_id=1443\/#Sindelar\" data-type=\"page\"><strong>Sindelar program<\/strong><\/a><br>Nagyon hat\u00e9kony, home-traininggel kombin\u00e1lt kognit\u00edv fejleszt\u00e9s a tanul\u00e1s hat\u00e9konys\u00e1g\u00e1nak n\u00f6vel\u00e9se \u00e9rdek\u00e9ben.<br><br><a href=\"https:\/\/iranytufejlesztohaz.hu\/?page_id=1401\" data-type=\"page\" data-id=\"1401\"><strong>Delacato torna<\/strong><\/a><br>Home-trainig form\u00e1j\u00e1ban megval\u00f3sul\u00f3 mozg\u00e1sfejleszt\u00e9s, a koordin\u00e1ci\u00f3, a figyelem, \u00e9s a magatart\u00e1s jav\u00edt\u00e1sa \u00e9rdek\u00e9ben. <br><a href=\"https:\/\/iranytufejlesztohaz.hu\/?page_id=1459\" data-type=\"page\" data-id=\"1459\"><br><\/a><a href=\"https:\/\/iranytufejlesztohaz.hu\/?page_id=1356\" data-type=\"page\" data-id=\"1356\"><strong>Logop\u00e9dia<\/strong><\/a><br> Ter\u00e1pi\u00e1k az artikul\u00e1ci\u00f3s-, besz\u00e9d\u00e9rt\u00e9si-, vagy besz\u00e9d\u00e9szlel\u00e9si neh\u00e9zs\u00e9ggel, valamint a nyelvl\u00f6k\u00e9ses nyel\u00e9ssel k\u00fczd\u0151 gyermekek sz\u00e1m\u00e1ra.<br><br><a href=\"https:\/\/iranytufejlesztohaz.hu\/?page_id=1459\" data-type=\"page\" data-id=\"1459\"><strong>Pszichol\u00f3giai seg\u00edts\u00e9gny\u00fajt\u00e1s<\/strong><\/a><br>A gyermek viselked\u00e9sv\u00e1ltoz\u00e1s\u00e1nak h\u00e1tter\u00e9ben \u00e1ll\u00f3 t\u00e9nyez\u0151k k\u00f6z\u00f6s felt\u00e1r\u00e1sa, a sz\u00fcl\u0151 \u00e9s agyermek egy\u00fcttm\u0171k\u00f6d\u00e9s\u00e9nek seg\u00edt\u00e9se, a gyermek \u00f6nbizalm\u00e1nak er\u0151s\u00edt\u00e9se.<\/h2><\/div><\/div>\n<\/div>\n\n\n\n<div class=\"wp-block-column is-layout-flow wp-block-column-is-layout-flow\">\n<div class=\"wp-block-ive-ibtana-visual-editorheading\"><div class=\"ive-advanced-text-wrap ive-div-advance-text_ba7ed2-4b undefined text-center text-md-center text-lg-center text-xl-center\"><h2 class=\"ive-heading-parent undefined ive-advanced-text-inner-wrap ive-adv-advance-text_ba7ed2-4b ive-lh-xs-30 ive-lh-sm-30 ive-lh-md-30 ive-lh-lg-30 ive-lh-xl-30\" id=\"ive-adv-advance-text_ba7ed2-4b\">Csoportos fejleszt\u00e9sek<\/h2><\/div><\/div>\n\n\n\n<div class=\"wp-block-ive-ibtana-visual-editorheading\"><div class=\"ive-advanced-text-wrap ive-div-advance-text_fc87a6-23 undefined text-center text-md-center text-lg-start text-xl-start\"><h2 class=\"ive-heading-parent undefined ive-advanced-text-inner-wrap ive-adv-advance-text_fc87a6-23 ive-lh-xs-25 ive-lh-sm-25 ive-lh-md-30 ive-lh-lg-30 ive-lh-xl-30\" id=\"ive-adv-advance-text_fc87a6-23\"><a href=\"\/?page_id=1443\/#Raketa\" data-type=\"page\"><strong>Rak\u00e9ta program<\/strong><\/a><br>Komplex fejleszt\u00e9s tanul\u00e1si neh\u00e9zs\u00e9ggel k\u00fczd\u0151 gyermekek sz\u00e1m\u00e1ra. Figyelem, eml\u00e9kezet, sz\u00e1mol\u00e1s, \u00edr\u00e1s, olvas\u00e1s ter\u00e9n tapasztalt probl\u00e9m\u00e1k eset\u00e9n aj\u00e1nljuk.<br><br><a href=\"https:\/\/iranytufejlesztohaz.hu\/?page_id=1268\" data-type=\"page\" data-id=\"1268\"><strong>Alapoz\u00f3 ter\u00e1pia \/ fejleszt\u00e9s<\/strong><\/a><br>Az idegrendszer komplex, mozg\u00e1sos fejleszt\u00e9se, melynek sor\u00e1n javul a mozg\u00e1s, a besz\u00e9d \u00e9s a figyelemkoncentr\u00e1ci\u00f3.<br><br><a href=\"https:\/\/iranytufejlesztohaz.hu\/?page_id=1443\/#Varazsceruza2\" data-type=\"page\"><strong>Var\u00e1zsceruza 2. &#8211; grafomotoros fejleszt\u00e9s<\/strong><\/a><br>Akiknek hamar elf\u00e1rad a keze az \u00edr\u00e1st\u00f3l, vagy cs\u00fanya az \u00edr\u00e1sk\u00e9pe.<br><br><br><br><br><br><\/h2><\/div><\/div>\n<\/div>\n<\/div>\n\n\n\n<p><\/p>\n","protected":false},"excerpt":{"rendered":"","protected":false},"author":1,"featured_media":0,"parent":0,"menu_order":0,"comment_status":"closed","ping_status":"closed","template":"","meta":{"_regular_price":[],"currency_symbol":[],"footnotes":""},"class_list":["post-126","page","type-page","status-publish","hentry"],"post_slider_layout_featured_media_urls":{"thumbnail":"","post_slider_layout_landscape_large":"","post_slider_layout_portrait_large":"","post_slider_layout_square_large":"","post_slider_layout_landscape":"","post_slider_layout_portrait":"","post_slider_layout_square":"","full":""},"_links":{"self":[{"href":"https:\/\/iranytufejlesztohaz.hu\/index.php?rest_route=\/wp\/v2\/pages\/126","targetHints":{"allow":["GET"]}}],"collection":[{"href":"https:\/\/iranytufejlesztohaz.hu\/index.php?rest_route=\/wp\/v2\/pages"}],"about":[{"href":"https:\/\/iranytufejlesztohaz.hu\/index.php?rest_route=\/wp\/v2\/types\/page"}],"author":[{"embeddable":true,"href":"https:\/\/iranytufejlesztohaz.hu\/index.php?rest_route=\/wp\/v2\/users\/1"}],"replies":[{"embeddable":true,"href":"https:\/\/iranytufejlesztohaz.hu\/index.php?rest_route=%2Fwp%2Fv2%2Fcomments&post=126"}],"version-history":[{"count":237,"href":"https:\/\/iranytufejlesztohaz.hu\/index.php?rest_route=\/wp\/v2\/pages\/126\/revisions"}],"predecessor-version":[{"id":2324,"href":"https:\/\/iranytufejlesztohaz.hu\/index.php?rest_route=\/wp\/v2\/pages\/126\/revisions\/2324"}],"wp:attachment":[{"href":"https:\/\/iranytufejlesztohaz.hu\/index.php?rest_route=%2Fwp%2Fv2%2Fmedia&parent=126"}],"curies":[{"name":"wp","href":"https:\/\/api.w.org\/{rel}","templated":true}]}}